{"id":11555,"date":"2022-09-17T20:18:21","date_gmt":"2022-09-17T20:18:21","guid":{"rendered":"https:\/\/www.migrantech.org\/pt\/?page_id=11555"},"modified":"2022-09-29T02:53:50","modified_gmt":"2022-09-29T02:53:50","slug":"who-we-are","status":"publish","type":"page","link":"https:\/\/www.migrantech.org\/pt\/who-we-are\/","title":{"rendered":"Who we are?"},"content":{"rendered":"\t\t<div data-elementor-type=\"wp-page\" data-elementor-id=\"11555\" class=\"elementor elementor-11555\" data-elementor-post-type=\"page\">\n\t\t\t\t\t\t<section class=\"elementor-section elementor-top-section elementor-element elementor-element-850f0de elementor-section-boxed elementor-section-height-default elementor-section-height-default\" data-id=\"850f0de\" data-element_type=\"section\">\n\t\t\t\t\t\t<div class=\"elementor-container elementor-column-gap-default\">\n\t\t\t\t\t<div class=\"elementor-column elementor-col-100 elementor-top-column elementor-element elementor-element-cf0952b\" data-id=\"cf0952b\" data-element_type=\"column\">\n\t\t\t<div class=\"elementor-widget-wrap elementor-element-populated\">\n\t\t\t\t\t\t<div class=\"elementor-element elementor-element-daf961e elementor-widget elementor-widget-heading\" data-id=\"daf961e\" data-element_type=\"widget\" data-widget_type=\"heading.default\">\n\t\t\t\t<div class=\"elementor-widget-container\">\n\t\t\t\t\t<h2 class=\"elementor-heading-title elementor-size-default\">Parceiros Migrantetech<\/h2>\t\t\t\t<\/div>\n\t\t\t\t<\/div>\n\t\t\t\t<div class=\"elementor-element elementor-element-969942d elementor-widget-divider--separator-type-pattern elementor-widget-divider--view-line elementor-widget elementor-widget-divider\" data-id=\"969942d\" data-element_type=\"widget\" data-widget_type=\"divider.default\">\n\t\t\t\t<div class=\"elementor-widget-container\">\n\t\t\t\t\t\t\t<div class=\"elementor-divider\" style=\"--divider-pattern-url: url(&quot;data:image\/svg+xml,%3Csvg xmlns=&#039;http:\/\/www.w3.org\/2000\/svg&#039; preserveAspectRatio=&#039;none&#039; overflow=&#039;visible&#039; height=&#039;100%&#039; viewBox=&#039;0 0 24 24&#039; fill=&#039;black&#039; stroke=&#039;none&#039;%3E%3Cpolygon points=&#039;9.4,2 24,2 14.6,21.6 0,21.6&#039;\/%3E%3C\/svg%3E&quot;);\">\n\t\t\t<span class=\"elementor-divider-separator\">\n\t\t\t\t\t\t<\/span>\n\t\t<\/div>\n\t\t\t\t\t\t<\/div>\n\t\t\t\t<\/div>\n\t\t\t\t\t<\/div>\n\t\t<\/div>\n\t\t\t\t\t<\/div>\n\t\t<\/section>\n\t\t\t\t<section class=\"elementor-section elementor-top-section elementor-element elementor-element-186ecbb elementor-section-boxed elementor-section-height-default elementor-section-height-default\" data-id=\"186ecbb\" data-element_type=\"section\">\n\t\t\t\t\t\t<div class=\"elementor-container elementor-column-gap-default\">\n\t\t\t\t\t<div class=\"elementor-column elementor-col-100 elementor-top-column elementor-element elementor-element-bcdfa9c\" data-id=\"bcdfa9c\" data-element_type=\"column\">\n\t\t\t<div class=\"elementor-widget-wrap elementor-element-populated\">\n\t\t\t\t\t\t<div class=\"elementor-element elementor-element-8672e64 elementor-widget elementor-widget-text-editor\" data-id=\"8672e64\" data-element_type=\"widget\" data-widget_type=\"text-editor.default\">\n\t\t\t\t<div class=\"elementor-widget-container\">\n\t\t\t\t\t\t\t\t\t<h3 style=\"text-align: center;\"><span style=\"color: #000000;\" translate=\"no\"><strong>ERASMUS +<\/strong><\/span><\/h3><p><img decoding=\"async\" class=\"size-medium wp-image-11648 aligncenter\" src=\"https:\/\/www.migrantech.org\/pt\/wp-content\/uploads\/2022\/09\/Erasmus-300x86.jpeg\" alt=\"\" width=\"300\" height=\"86\" srcset=\"https:\/\/www.migrantech.org\/pt\/wp-content\/uploads\/2022\/09\/Erasmus-300x86.jpeg 300w, https:\/\/www.migrantech.org\/pt\/wp-content\/uploads\/2022\/09\/Erasmus-1024x292.jpeg 1024w, https:\/\/www.migrantech.org\/pt\/wp-content\/uploads\/2022\/09\/Erasmus-768x219.jpeg 768w, https:\/\/www.migrantech.org\/pt\/wp-content\/uploads\/2022\/09\/Erasmus-1536x439.jpeg 1536w, https:\/\/www.migrantech.org\/pt\/wp-content\/uploads\/2022\/09\/Erasmus-600x171.jpeg 600w, https:\/\/www.migrantech.org\/pt\/wp-content\/uploads\/2022\/09\/Erasmus.jpeg 1964w\" sizes=\"(max-width: 300px) 100vw, 300px\" \/><\/p><p style=\"text-align: center;\"><span style=\"text-decoration: underline;\"><span style=\"color: #804ef3;\"><a style=\"color: #804ef3; text-decoration: underline;\" href=\"https:\/\/info.erasmusplus.fr\/\">www.info.erasmusplus.fr<\/a><\/span><\/span><\/p>\t\t\t\t\t\t\t\t<\/div>\n\t\t\t\t<\/div>\n\t\t\t\t\t<\/div>\n\t\t<\/div>\n\t\t\t\t\t<\/div>\n\t\t<\/section>\n\t\t\t\t<section class=\"elementor-section elementor-top-section elementor-element elementor-element-a6fcbdb elementor-section-boxed elementor-section-height-default elementor-section-height-default\" data-id=\"a6fcbdb\" data-element_type=\"section\">\n\t\t\t\t\t\t<div class=\"elementor-container elementor-column-gap-default\">\n\t\t\t\t\t<div class=\"elementor-column elementor-col-100 elementor-top-column elementor-element elementor-element-1ddf615\" data-id=\"1ddf615\" data-element_type=\"column\">\n\t\t\t<div class=\"elementor-widget-wrap elementor-element-populated\">\n\t\t\t\t\t\t<section class=\"elementor-section elementor-inner-section elementor-element elementor-element-d9d0b8a elementor-section-boxed elementor-section-height-default elementor-section-height-default\" data-id=\"d9d0b8a\" data-element_type=\"section\">\n\t\t\t\t\t\t<div class=\"elementor-container elementor-column-gap-default\">\n\t\t\t\t\t<div class=\"elementor-column elementor-col-50 elementor-inner-column elementor-element elementor-element-35783ba\" data-id=\"35783ba\" data-element_type=\"column\">\n\t\t\t<div class=\"elementor-widget-wrap elementor-element-populated\">\n\t\t\t\t\t\t<div class=\"elementor-element elementor-element-35b875b elementor-widget elementor-widget-text-editor\" data-id=\"35b875b\" data-element_type=\"widget\" data-widget_type=\"text-editor.default\">\n\t\t\t\t<div class=\"elementor-widget-container\">\n\t\t\t\t\t\t\t\t\t<h3 style=\"text-align: center;\"><span style=\"color: #000000;\" translate=\"no\"><strong>AMSED<\/strong><\/span><\/h3>\n<p style=\"text-align: center;\"><em><span style=\"color: #000000;\">Estrasburgo, Fran\u00e7a<\/span><\/em><\/p>\n<img decoding=\"async\" class=\"size-full wp-image-9081 aligncenter\" src=\"https:\/\/www.migrantech.org\/wp-content\/uploads\/2022\/01\/Logo-AMSED.jpg\" alt=\"\" width=\"192\" height=\"92\" \/>\n<p style=\"text-align: center;\"><span style=\"color: #000000;\"><strong><span class=\"s6\">A Associa\u00e7\u00e3o Migra\u00e7\u00f5es, Solidariedade e Interc\u00e2mbios para o Desenvolvimento<\/span><\/strong><span class=\"s7\"><strong>(AMSED)<\/strong> trabalha desde 1998 como ONG de di\u00e1logo intercultural e desenvolvimento local. Atrav\u00e9s de projetos internacionais, viagens solid\u00e1rias, interc\u00e2mbios euromediterr\u00e2nicos, atividades de rua e patroc\u00ednios para o emprego, a AMSED ajuda jovens e idosos a melhorar o seu quotidiano e permite-lhes realizar os seus sonhos. Promover o encontro de culturas para aprendermos uns com os outros e conhecermos as nossas riquezas e potencialidades est\u00e1 no centro dos projetos da AMSED.<\/span><\/span><\/p>\n<p style=\"text-align: center;\"><span style=\"color: #804ef3;\"><a style=\"color: #804ef3;\" href=\"http:\/\/www.amsed.fr\"><span style=\"text-decoration: underline;\">www.amsed.fr<\/span><\/a><\/span><\/p>\t\t\t\t\t\t\t\t<\/div>\n\t\t\t\t<\/div>\n\t\t\t\t\t<\/div>\n\t\t<\/div>\n\t\t\t\t<div class=\"elementor-column elementor-col-50 elementor-inner-column elementor-element elementor-element-a9b8b95\" data-id=\"a9b8b95\" data-element_type=\"column\">\n\t\t\t<div class=\"elementor-widget-wrap elementor-element-populated\">\n\t\t\t\t\t\t<div class=\"elementor-element elementor-element-d77b909 elementor-widget elementor-widget-text-editor\" data-id=\"d77b909\" data-element_type=\"widget\" data-widget_type=\"text-editor.default\">\n\t\t\t\t<div class=\"elementor-widget-container\">\n\t\t\t\t\t\t\t\t\t<h3 style=\"text-align: center;\"><span style=\"color: #000000;\" translate=\"no\"><strong><span class=\"s6\">FAM\u00cdLIAS DO MUNDO ASBL<\/span><\/strong><\/span><\/h3>\n<p style=\"text-align: center;\"><em><span style=\"color: #000000;\">Waterloo, B\u00e9lgica<\/span><\/em><\/p>\n<img decoding=\"async\" class=\"wp-image-9309 aligncenter\" src=\"https:\/\/www.migrantech.org\/wp-content\/uploads\/2022\/01\/LOGO_FAMIDO-300x174.png\" alt=\"\" width=\"277\" height=\"160\" \/>\n<p style=\"text-align: center;\"><span style=\"color: #000000;\"><span class=\"s6\"><strong>Fam\u00edlias do Mundo<\/strong> (ASBL)<\/span><span class=\"s7\"> \u00e9 uma organiza\u00e7\u00e3o sem fins lucrativos composta por fam\u00edlias de diferentes culturas e pa\u00edses, com sede na B\u00e9lgica. A FAMIDO conta com uma equipa de animadores adultos e juvenis que concebem, organizam e realizam diversas atividades na \u00e1rea da migra\u00e7\u00e3o e educa\u00e7\u00e3o n\u00e3o formal, entre outras. A FAMIDO trabalha com crian\u00e7as, jovens, adultos e fam\u00edlias para conscientiz\u00e1-los sobre o processo de migra\u00e7\u00e3o e fornecer-lhes diferentes tipos de ferramentas para entender e tentar desenvolver esse processo como um projeto de aprendizagem ao longo da vida.<\/span><\/span><\/p>\n<p style=\"text-align: center;\"><span style=\"color: #804ef3;\"><a style=\"color: #804ef3;\" href=\"http:\/\/www.famillesdumonde.eu\"><span style=\"text-decoration: underline;\">www.famillesdumonde.eu<\/span><\/a><\/span><\/p>\t\t\t\t\t\t\t\t<\/div>\n\t\t\t\t<\/div>\n\t\t\t\t\t<\/div>\n\t\t<\/div>\n\t\t\t\t\t<\/div>\n\t\t<\/section>\n\t\t\t\t\t<\/div>\n\t\t<\/div>\n\t\t\t\t\t<\/div>\n\t\t<\/section>\n\t\t\t\t<section class=\"elementor-section elementor-top-section elementor-element elementor-element-8ec3e5e elementor-section-boxed elementor-section-height-default elementor-section-height-default\" data-id=\"8ec3e5e\" data-element_type=\"section\">\n\t\t\t\t\t\t<div class=\"elementor-container elementor-column-gap-default\">\n\t\t\t\t\t<div class=\"elementor-column elementor-col-100 elementor-top-column elementor-element elementor-element-785f664\" data-id=\"785f664\" data-element_type=\"column\">\n\t\t\t<div class=\"elementor-widget-wrap elementor-element-populated\">\n\t\t\t\t\t\t<section class=\"elementor-section elementor-inner-section elementor-element elementor-element-5b122e1 elementor-section-boxed elementor-section-height-default elementor-section-height-default\" data-id=\"5b122e1\" data-element_type=\"section\">\n\t\t\t\t\t\t<div class=\"elementor-container elementor-column-gap-default\">\n\t\t\t\t\t<div class=\"elementor-column elementor-col-50 elementor-inner-column elementor-element elementor-element-1a7f9ba\" data-id=\"1a7f9ba\" data-element_type=\"column\">\n\t\t\t<div class=\"elementor-widget-wrap elementor-element-populated\">\n\t\t\t\t\t\t<div class=\"elementor-element elementor-element-d39bd52 elementor-widget elementor-widget-text-editor\" data-id=\"d39bd52\" data-element_type=\"widget\" data-widget_type=\"text-editor.default\">\n\t\t\t\t<div class=\"elementor-widget-container\">\n\t\t\t\t\t\t\t\t\t<h3 style=\"text-align: center;\"><span style=\"color: #000000;\" translate=\"no\"><strong><span class=\"s6\">FACTOR SOCIAL<\/span><\/strong><\/span><\/h3>\n<p style=\"text-align: center;\"><em><span style=\"color: #000000;\">Lisboa, Portugal<\/span><\/em><\/p>\n<img loading=\"lazy\" decoding=\"async\" class=\"size-full wp-image-9080 aligncenter\" src=\"https:\/\/www.migrantech.org\/wp-content\/uploads\/2022\/01\/Factor-Social.png\" alt=\"\" width=\"233\" height=\"92\" \/>\n<p style=\"text-align: center;\"><span style=\"color: #000000;\"><strong><span class=\"s6\">Factor Social <\/span><\/strong><span class=\"s7\">\u00e9 uma empresa que desenvolve projetos no \u00e2mbito de estudos e<\/span><span class=\"s7\">o ambiente psicossocial, caracterizado principalmente pelo ajustamento de teorias e modelos da psicologia \u00e0s diferentes \u00e1reas de interven\u00e7\u00e3o, e tamb\u00e9m pela articula\u00e7\u00e3o com outras \u00e1reas de estudo (como engenharia, arquitetura, educa\u00e7\u00e3o, gest\u00e3o, comunica\u00e7\u00e3o&#8230;) de criar valores mais altos para seus clientes.<\/span><\/span><\/p>\n<p style=\"text-align: center;\"><span style=\"text-decoration: underline; color: #804ef3;\"><a style=\"color: #804ef3;\" href=\"http:\/\/www.factorsocial.pt\">www.factorsocial.pt<\/a><\/span><\/p>\t\t\t\t\t\t\t\t<\/div>\n\t\t\t\t<\/div>\n\t\t\t\t\t<\/div>\n\t\t<\/div>\n\t\t\t\t<div class=\"elementor-column elementor-col-50 elementor-inner-column elementor-element elementor-element-ac3bf4c\" data-id=\"ac3bf4c\" data-element_type=\"column\">\n\t\t\t<div class=\"elementor-widget-wrap elementor-element-populated\">\n\t\t\t\t\t\t<div class=\"elementor-element elementor-element-c1273b7 elementor-widget elementor-widget-text-editor\" data-id=\"c1273b7\" data-element_type=\"widget\" data-widget_type=\"text-editor.default\">\n\t\t\t\t<div class=\"elementor-widget-container\">\n\t\t\t\t\t\t\t\t\t<h3 style=\"text-align: center;\"><span style=\"color: #000000;\" translate=\"no\"><strong>ANATOLIA YOUTH ASSOCIATION<\/strong><\/span><\/h3>\n<p style=\"text-align: center;\"><em><span style=\"color: #000000;\">Esmirna, Turquia<\/span><\/em><\/p>\n<img loading=\"lazy\" decoding=\"async\" class=\"size-full wp-image-9259 aligncenter\" src=\"https:\/\/www.migrantech.org\/wp-content\/uploads\/2022\/01\/Anatolia-1.png\" alt=\"\" width=\"175\" height=\"85\" \/>\n<p style=\"text-align: center;\"><span style=\"color: #000000;\"><strong><span class=\"s6\">Anatolia Youth Association <\/span><\/strong><span class=\"s7\">(AYA)\u00e9 uma organiza\u00e7\u00e3o sem fins lucrativos e n\u00e3o governamental localizada na Turquia. A AYA concentra-se principalmente em quest\u00f5es relacionadas \u00e0 igualdade de g\u00eanero, empreendedorismo de jovens e mulheres, conscientizando os jovens sobre seu ambiente e quest\u00f5es relacionadas, ecologia, preven\u00e7\u00e3o do discurso de \u00f3dio, preven\u00e7\u00e3o do \u00f3dio contra migrantes e refugiados, inclus\u00e3o de migrantes e refugiados atrav\u00e9s da organiza\u00e7\u00e3o de projetos de mobilidade juvenil.<\/span><\/span><\/p>\n<p style=\"text-align: center;\"><span style=\"text-decoration: underline; color: #804ef3;\"><a style=\"color: #804ef3;\" href=\"http:\/\/www.aya-ngo.org\">www.aya-ngo.org<\/a><\/span><\/p>\t\t\t\t\t\t\t\t<\/div>\n\t\t\t\t<\/div>\n\t\t\t\t\t<\/div>\n\t\t<\/div>\n\t\t\t\t\t<\/div>\n\t\t<\/section>\n\t\t\t\t\t<\/div>\n\t\t<\/div>\n\t\t\t\t\t<\/div>\n\t\t<\/section>\n\t\t\t\t<\/div>\n\t\t","protected":false},"excerpt":{"rendered":"<p>Parceiros Migrantetech ERASMUS + www.info.erasmusplus.fr AMSED Estrasburgo, Fran\u00e7a A Associa\u00e7\u00e3o Migra\u00e7\u00f5es, Solidariedade e Interc\u00e2mbios para o Desenvolvimento(AMSED) trabalha desde 1998 como ONG de di\u00e1logo intercultural e desenvolvimento local. Atrav\u00e9s de projetos internacionais, viagens solid\u00e1rias, interc\u00e2mbios euromediterr\u00e2nicos, atividades de rua e &hellip; <\/p>\n","protected":false},"author":1,"featured_media":0,"parent":0,"menu_order":0,"comment_status":"closed","ping_status":"closed","template":"","meta":{"_bbp_topic_count":0,"_bbp_reply_count":0,"_bbp_total_topic_count":0,"_bbp_total_reply_count":0,"_bbp_voice_count":0,"_bbp_anonymous_reply_count":0,"_bbp_topic_count_hidden":0,"_bbp_reply_count_hidden":0,"_bbp_forum_subforum_count":0,"footnotes":""},"class_list":["post-11555","page","type-page","status-publish","hentry"],"_links":{"self":[{"href":"https:\/\/www.migrantech.org\/pt\/wp-json\/wp\/v2\/pages\/11555","targetHints":{"allow":["GET"]}}],"collection":[{"href":"https:\/\/www.migrantech.org\/pt\/wp-json\/wp\/v2\/pages"}],"about":[{"href":"https:\/\/www.migrantech.org\/pt\/wp-json\/wp\/v2\/types\/page"}],"author":[{"embeddable":true,"href":"https:\/\/www.migrantech.org\/pt\/wp-json\/wp\/v2\/users\/1"}],"replies":[{"embeddable":true,"href":"https:\/\/www.migrantech.org\/pt\/wp-json\/wp\/v2\/comments?post=11555"}],"version-history":[{"count":45,"href":"https:\/\/www.migrantech.org\/pt\/wp-json\/wp\/v2\/pages\/11555\/revisions"}],"predecessor-version":[{"id":12770,"href":"https:\/\/www.migrantech.org\/pt\/wp-json\/wp\/v2\/pages\/11555\/revisions\/12770"}],"wp:attachment":[{"href":"https:\/\/www.migrantech.org\/pt\/wp-json\/wp\/v2\/media?parent=11555"}],"curies":[{"name":"wp","href":"https:\/\/api.w.org\/{rel}","templated":true}]}}