{"id":11551,"date":"2022-09-17T20:17:10","date_gmt":"2022-09-17T20:17:10","guid":{"rendered":"https:\/\/www.migrantech.org\/pt\/?page_id=11551"},"modified":"2022-09-29T02:39:48","modified_gmt":"2022-09-29T02:39:48","slug":"the-project","status":"publish","type":"page","link":"https:\/\/www.migrantech.org\/pt\/the-project\/","title":{"rendered":"The project"},"content":{"rendered":"\t\t<div data-elementor-type=\"wp-page\" data-elementor-id=\"11551\" class=\"elementor elementor-11551\" data-elementor-post-type=\"page\">\n\t\t\t\t\t\t<section class=\"elementor-section elementor-top-section elementor-element elementor-element-7fe140a elementor-section-boxed elementor-section-height-default elementor-section-height-default\" data-id=\"7fe140a\" data-element_type=\"section\">\n\t\t\t\t\t\t<div class=\"elementor-container elementor-column-gap-default\">\n\t\t\t\t\t<div class=\"elementor-column elementor-col-100 elementor-top-column elementor-element elementor-element-cae845d\" data-id=\"cae845d\" data-element_type=\"column\">\n\t\t\t<div class=\"elementor-widget-wrap elementor-element-populated\">\n\t\t\t\t\t\t<div class=\"elementor-element elementor-element-150c1b0 elementor-widget elementor-widget-heading\" data-id=\"150c1b0\" data-element_type=\"widget\" data-widget_type=\"heading.default\">\n\t\t\t\t<div class=\"elementor-widget-container\">\n\t\t\t\t\t<h2 class=\"elementor-heading-title elementor-size-default\">\nO projeto Migrantech<\/h2>\t\t\t\t<\/div>\n\t\t\t\t<\/div>\n\t\t\t\t\t<\/div>\n\t\t<\/div>\n\t\t\t\t\t<\/div>\n\t\t<\/section>\n\t\t\t\t<section class=\"elementor-section elementor-top-section elementor-element elementor-element-db1efa6 elementor-section-boxed elementor-section-height-default elementor-section-height-default\" data-id=\"db1efa6\" data-element_type=\"section\">\n\t\t\t\t\t\t<div class=\"elementor-container elementor-column-gap-default\">\n\t\t\t\t\t<div class=\"elementor-column elementor-col-100 elementor-top-column elementor-element elementor-element-e5fe5d1\" data-id=\"e5fe5d1\" data-element_type=\"column\">\n\t\t\t<div class=\"elementor-widget-wrap elementor-element-populated\">\n\t\t\t\t\t\t<div class=\"elementor-element elementor-element-e7da708 elementor-widget elementor-widget-image\" data-id=\"e7da708\" data-element_type=\"widget\" data-widget_type=\"image.default\">\n\t\t\t\t<div class=\"elementor-widget-container\">\n\t\t\t\t\t\t\t\t\t\t\t\t\t\t\t<img decoding=\"async\" src=\"https:\/\/www.migrantech.org\/wp-content\/uploads\/2022\/05\/5514-removebg-preview-1.png\" title=\"\" alt=\"\" loading=\"lazy\" \/>\t\t\t\t\t\t\t\t\t\t\t\t\t\t\t<\/div>\n\t\t\t\t<\/div>\n\t\t\t\t\t<\/div>\n\t\t<\/div>\n\t\t\t\t\t<\/div>\n\t\t<\/section>\n\t\t\t\t<section class=\"elementor-section elementor-top-section elementor-element elementor-element-48d7210 elementor-section-boxed elementor-section-height-default elementor-section-height-default\" data-id=\"48d7210\" data-element_type=\"section\">\n\t\t\t\t\t\t\t<div class=\"elementor-background-overlay\"><\/div>\n\t\t\t\t\t\t\t<div class=\"elementor-container elementor-column-gap-default\">\n\t\t\t\t\t<div class=\"elementor-column elementor-col-100 elementor-top-column elementor-element elementor-element-b9c6eee\" data-id=\"b9c6eee\" data-element_type=\"column\">\n\t\t\t<div class=\"elementor-widget-wrap elementor-element-populated\">\n\t\t\t\t\t\t<div class=\"elementor-element elementor-element-f652980 elementor-widget elementor-widget-accordion\" data-id=\"f652980\" data-element_type=\"widget\" data-widget_type=\"accordion.default\">\n\t\t\t\t<div class=\"elementor-widget-container\">\n\t\t\t\t\t\t\t<div class=\"elementor-accordion\">\n\t\t\t\t\t\t\t<div class=\"elementor-accordion-item\">\n\t\t\t\t\t<div id=\"elementor-tab-title-2581\" class=\"elementor-tab-title\" data-tab=\"1\" role=\"button\" aria-controls=\"elementor-tab-content-2581\" aria-expanded=\"false\">\n\t\t\t\t\t\t\t\t\t\t\t\t\t<span class=\"elementor-accordion-icon elementor-accordion-icon-left\" aria-hidden=\"true\">\n\t\t\t\t\t\t\t\t\t\t\t\t\t\t\t<span class=\"elementor-accordion-icon-closed\"><i class=\"fas fa-plus\"><\/i><\/span>\n\t\t\t\t\t\t\t\t<span class=\"elementor-accordion-icon-opened\"><i class=\"fas fa-minus\"><\/i><\/span>\n\t\t\t\t\t\t\t\t\t\t\t\t\t\t<\/span>\n\t\t\t\t\t\t\t\t\t\t\t\t<a class=\"elementor-accordion-title\" tabindex=\"0\">Metas<\/a>\n\t\t\t\t\t<\/div>\n\t\t\t\t\t<div id=\"elementor-tab-content-2581\" class=\"elementor-tab-content elementor-clearfix\" data-tab=\"1\" role=\"region\" aria-labelledby=\"elementor-tab-title-2581\"><p><span style=\"color: #000000;\">1. Compreender e identificar as compet\u00eancias mais relevantes para o acesso de migrantes e refugiados ao trabalho e as mais procuradas por empresas e empregadores;<\/span><\/p><p><span style=\"color: #000000;\">2. Capacitar educadores e profissionais de integra\u00e7\u00e3o para ampliar e adaptar seus conhecimentos e desenvolver habilidades que sejam trampolins para aproximar seus p\u00fablicos do mercado de trabalho; <\/span><\/p><p><span style=\"color: #000000;\">3. Disponibilizar ferramentas e m\u00e9todos de e-learning \u00e0 medida dos profissionais que trabalham com migrantes e refugiados, de forma a facilitar a sua inclus\u00e3o socioprofissional;<\/span><\/p><p><span style=\"color: #000000;\"><span style=\"vertical-align: inherit;\"><span class=\"goog-text-highlight\" style=\"vertical-align: inherit;\">4. Abordar a educa\u00e7\u00e3o e a forma\u00e7\u00e3o como elementos-chave para a promo\u00e7\u00e3o dos processos de coes\u00e3o e integra\u00e7\u00e3o social;<\/span><\/span><\/span><\/p><p><span style=\"color: #000000;\">5. Promover a conviv\u00eancia entre as sociedades de acolhimento e as comunidades migrantes e refugiadas;<\/span><\/p><p><span style=\"color: #000000;\">6. Combater a discrimina\u00e7\u00e3o contra migrantes e refugiados.<\/span><\/p><\/div>\n\t\t\t\t<\/div>\n\t\t\t\t\t\t\t<div class=\"elementor-accordion-item\">\n\t\t\t\t\t<div id=\"elementor-tab-title-2582\" class=\"elementor-tab-title\" data-tab=\"2\" role=\"button\" aria-controls=\"elementor-tab-content-2582\" aria-expanded=\"false\">\n\t\t\t\t\t\t\t\t\t\t\t\t\t<span class=\"elementor-accordion-icon elementor-accordion-icon-left\" aria-hidden=\"true\">\n\t\t\t\t\t\t\t\t\t\t\t\t\t\t\t<span class=\"elementor-accordion-icon-closed\"><i class=\"fas fa-plus\"><\/i><\/span>\n\t\t\t\t\t\t\t\t<span class=\"elementor-accordion-icon-opened\"><i class=\"fas fa-minus\"><\/i><\/span>\n\t\t\t\t\t\t\t\t\t\t\t\t\t\t<\/span>\n\t\t\t\t\t\t\t\t\t\t\t\t<a class=\"elementor-accordion-title\" tabindex=\"0\">Resultados<\/a>\n\t\t\t\t\t<\/div>\n\t\t\t\t\t<div id=\"elementor-tab-content-2582\" class=\"elementor-tab-content elementor-clearfix\" data-tab=\"2\" role=\"region\" aria-labelledby=\"elementor-tab-title-2582\"><ul>\n \t<li><span style=\"color: #000000;\">Estudo sobre as compet\u00eancias transversais e digitais mais relevantes procuradas pelos empregadores e necess\u00e1rias para o acesso ao emprego;<\/span><\/li>\n \t<li><span style=\"color: #000000;\">Identifica\u00e7\u00e3o de boas pr\u00e1ticas educativas e de integra\u00e7\u00e3o online e offline para migrantes e refugiados adultos, com base nas NTIC e nas compet\u00eancias transversais exigidas pelas empresas e empregadores com uma ferramenta de certifica\u00e7\u00e3o das compet\u00eancias adquiridas;<\/span><\/li>\n \t<li><span style=\"color: #000000;\">Kit de 40 m\u00f3dulos online sob a forma de curso de forma\u00e7\u00e3o e semin\u00e1rio para partilha de boas pr\u00e1ticas;<\/span><\/li>\n \t<li><span style=\"color: #000000;\">Desenho da e-plataforma e coloca\u00e7\u00e3o dos 40 e-m\u00f3dulos numa abordagem interativa (objetivos, conte\u00fados, question\u00e1rio de avalia\u00e7\u00e3o.), seguido de forma\u00e7\u00e3o para e-tutores;<\/span><\/li>\n \t<li><span style=\"color: #000000;\">Cria\u00e7\u00e3o de um guia de aprendizagem online capitalizando o percurso formativo e os termos de utiliza\u00e7\u00e3o da plataforma e 2 <\/span><span style=\"color: #000000;\">infographics.<\/span><\/li>\n<\/ul><\/div>\n\t\t\t\t<\/div>\n\t\t\t\t\t\t\t\t<\/div>\n\t\t\t\t\t\t<\/div>\n\t\t\t\t<\/div>\n\t\t\t\t\t<\/div>\n\t\t<\/div>\n\t\t\t\t\t<\/div>\n\t\t<\/section>\n\t\t\t\t<\/div>\n\t\t","protected":false},"excerpt":{"rendered":"<p>O projeto Migrantech Metas 1. Compreender e identificar as compet\u00eancias mais relevantes para o acesso de migrantes e refugiados ao trabalho e as mais procuradas por empresas e empregadores; 2. Capacitar educadores e profissionais de integra\u00e7\u00e3o para ampliar e adaptar &hellip; <\/p>\n","protected":false},"author":1,"featured_media":0,"parent":0,"menu_order":0,"comment_status":"closed","ping_status":"closed","template":"","meta":{"_bbp_topic_count":0,"_bbp_reply_count":0,"_bbp_total_topic_count":0,"_bbp_total_reply_count":0,"_bbp_voice_count":0,"_bbp_anonymous_reply_count":0,"_bbp_topic_count_hidden":0,"_bbp_reply_count_hidden":0,"_bbp_forum_subforum_count":0,"footnotes":""},"class_list":["post-11551","page","type-page","status-publish","hentry"],"_links":{"self":[{"href":"https:\/\/www.migrantech.org\/pt\/wp-json\/wp\/v2\/pages\/11551","targetHints":{"allow":["GET"]}}],"collection":[{"href":"https:\/\/www.migrantech.org\/pt\/wp-json\/wp\/v2\/pages"}],"about":[{"href":"https:\/\/www.migrantech.org\/pt\/wp-json\/wp\/v2\/types\/page"}],"author":[{"embeddable":true,"href":"https:\/\/www.migrantech.org\/pt\/wp-json\/wp\/v2\/users\/1"}],"replies":[{"embeddable":true,"href":"https:\/\/www.migrantech.org\/pt\/wp-json\/wp\/v2\/comments?post=11551"}],"version-history":[{"count":41,"href":"https:\/\/www.migrantech.org\/pt\/wp-json\/wp\/v2\/pages\/11551\/revisions"}],"predecessor-version":[{"id":12752,"href":"https:\/\/www.migrantech.org\/pt\/wp-json\/wp\/v2\/pages\/11551\/revisions\/12752"}],"wp:attachment":[{"href":"https:\/\/www.migrantech.org\/pt\/wp-json\/wp\/v2\/media?parent=11551"}],"curies":[{"name":"wp","href":"https:\/\/api.w.org\/{rel}","templated":true}]}}